{"id":125,"date":"2026-02-23T11:46:32","date_gmt":"2026-02-23T14:46:32","guid":{"rendered":"https:\/\/egcapital.com.br\/?page_id=125"},"modified":"2026-02-23T17:04:44","modified_gmt":"2026-02-23T20:04:44","slug":"governanca","status":"publish","type":"page","link":"https:\/\/egcapital.com.br\/?page_id=125","title":{"rendered":"Governan\u00e7a"},"content":{"rendered":"\t\t<div data-elementor-type=\"wp-page\" data-elementor-id=\"125\" class=\"elementor elementor-125\" data-elementor-post-type=\"page\">\n\t\t\t\t<div class=\"elementor-element elementor-element-44c76795 e-flex e-con-boxed elementor-invisible e-con e-parent\" data-id=\"44c76795\" data-element_type=\"container\" data-e-type=\"container\" data-settings=\"{&quot;animation&quot;:&quot;slideInLeft&quot;,&quot;animation_delay&quot;:0}\">\n\t\t\t\t\t<div class=\"e-con-inner\">\n\t\t\t\t<div class=\"elementor-element elementor-element-1ce9b3a5 elementor-widget elementor-widget-breadcrumbs\" data-id=\"1ce9b3a5\" data-element_type=\"widget\" data-e-type=\"widget\" data-widget_type=\"breadcrumbs.default\">\n\t\t\t\t\t<p id=\"breadcrumbs\"><span><span><a href=\"https:\/\/egcapital.com.br\/\">In\u00edcio<\/a><\/span><\/span><\/p>\t\t\t\t<\/div>\n\t\t\t\t<div class=\"elementor-element elementor-element-2f757fa6 elementor-widget elementor-widget-heading\" data-id=\"2f757fa6\" data-element_type=\"widget\" data-e-type=\"widget\" data-widget_type=\"heading.default\">\n\t\t\t\t\t<h2 class=\"elementor-heading-title elementor-size-default\">Governan\u00e7a<\/h2>\t\t\t\t<\/div>\n\t\t\t\t\t<\/div>\n\t\t\t\t<\/div>\n\t\t<div class=\"elementor-element elementor-element-1465a1e5 e-con-full e-flex elementor-invisible e-con e-parent\" data-id=\"1465a1e5\" data-element_type=\"container\" data-e-type=\"container\" data-settings=\"{&quot;background_background&quot;:&quot;gradient&quot;,&quot;animation&quot;:&quot;slideInUp&quot;}\">\n\t\t<div class=\"elementor-element elementor-element-3423b32f e-con-full e-flex e-con e-child\" data-id=\"3423b32f\" data-element_type=\"container\" data-e-type=\"container\">\n\t\t\t\t<div class=\"elementor-element elementor-element-5a35b178 elementor-widget elementor-widget-heading\" data-id=\"5a35b178\" data-element_type=\"widget\" data-e-type=\"widget\" data-widget_type=\"heading.default\">\n\t\t\t\t\t<h3 class=\"elementor-heading-title elementor-size-default\">Governan\u00e7a como eixo central da preserva\u00e7\u00e3o de valor<\/h3>\t\t\t\t<\/div>\n\t\t\t\t<div class=\"elementor-element elementor-element-4db48de7 elementor-widget elementor-widget-text-editor\" data-id=\"4db48de7\" data-element_type=\"widget\" data-e-type=\"widget\" data-widget_type=\"text-editor.default\">\n\t\t\t\t\t\t\t\t\t<p>A governan\u00e7a \u00e9 o principal instrumento de prote\u00e7\u00e3o do capital em estruturas de longo prazo. Atuamos na defini\u00e7\u00e3o dos mecanismos que organizam poder decis\u00f3rio, responsabilidade fiduci\u00e1ria e disciplina financeira.<\/p><p>Nossa atua\u00e7\u00e3o estabelece a separa\u00e7\u00e3o clara entre quem define a estrat\u00e9gia e quem executa a opera\u00e7\u00e3o, preservando a integridade das decis\u00f5es e reduzindo conflitos de interesse.<\/p><p>O envolvimento da EG CAP \u00e9 cont\u00ednuo, com responsabilidade estrutural sobre os principais direcionamentos, crit\u00e9rios de capital, monitoramento de riscos e evolu\u00e7\u00e3o das estruturas ao longo do tempo.<\/p><p>A governan\u00e7a n\u00e3o \u00e9 um acess\u00f3rio jur\u00eddico \u2014 \u00e9 um instrumento econ\u00f4mico.<\/p>\t\t\t\t\t\t\t\t<\/div>\n\t\t\t\t<\/div>\n\t\t\t\t<\/div>\n\t\t<div class=\"elementor-element elementor-element-1512b7a1 e-flex e-con-boxed elementor-invisible e-con e-parent\" data-id=\"1512b7a1\" data-element_type=\"container\" data-e-type=\"container\" data-settings=\"{&quot;animation&quot;:&quot;slideInUp&quot;}\">\n\t\t\t\t\t<div class=\"e-con-inner\">\n\t\t<div class=\"elementor-element elementor-element-7a30e102 e-con-full e-flex e-con e-child\" data-id=\"7a30e102\" data-element_type=\"container\" data-e-type=\"container\">\n\t\t\t\t<div class=\"elementor-element elementor-element-49c49504 animated-slow elementor-invisible elementor-widget elementor-widget-heading\" data-id=\"49c49504\" data-element_type=\"widget\" data-e-type=\"widget\" data-settings=\"{&quot;_animation&quot;:&quot;slideInUp&quot;}\" data-widget_type=\"heading.default\">\n\t\t\t\t\t<h2 class=\"elementor-heading-title elementor-size-default\">Bloco conceitual<\/h2>\t\t\t\t<\/div>\n\t\t\t\t<div class=\"elementor-element elementor-element-5a090ec1 elementor-list-item-link-full_width elementor-widget elementor-widget-icon-list\" data-id=\"5a090ec1\" data-element_type=\"widget\" data-e-type=\"widget\" data-widget_type=\"icon-list.default\">\n\t\t\t\t\t\t\t<ul class=\"elementor-icon-list-items\">\n\t\t\t\t\t\t\t<li class=\"elementor-icon-list-item\">\n\t\t\t\t\t\t\t\t\t\t\t<span class=\"elementor-icon-list-icon\">\n\t\t\t\t\t\t\t<svg aria-hidden=\"true\" class=\"e-font-icon-svg e-fas-chevron-right\" viewBox=\"0 0 320 512\" xmlns=\"http:\/\/www.w3.org\/2000\/svg\"><path d=\"M285.476 272.971L91.132 467.314c-9.373 9.373-24.569 9.373-33.941 0l-22.667-22.667c-9.357-9.357-9.375-24.522-.04-33.901L188.505 256 34.484 101.255c-9.335-9.379-9.317-24.544.04-33.901l22.667-22.667c9.373-9.373 24.569-9.373 33.941 0L285.475 239.03c9.373 9.372 9.373 24.568.001 33.941z\"><\/path><\/svg>\t\t\t\t\t\t<\/span>\n\t\t\t\t\t\t\t\t\t\t<span class=\"elementor-icon-list-text\">Arquitetura decis\u00f3ria clara<\/span>\n\t\t\t\t\t\t\t\t\t<\/li>\n\t\t\t\t\t\t\t\t<li class=\"elementor-icon-list-item\">\n\t\t\t\t\t\t\t\t\t\t\t<span class=\"elementor-icon-list-icon\">\n\t\t\t\t\t\t\t<svg aria-hidden=\"true\" class=\"e-font-icon-svg e-fas-chevron-right\" viewBox=\"0 0 320 512\" xmlns=\"http:\/\/www.w3.org\/2000\/svg\"><path d=\"M285.476 272.971L91.132 467.314c-9.373 9.373-24.569 9.373-33.941 0l-22.667-22.667c-9.357-9.357-9.375-24.522-.04-33.901L188.505 256 34.484 101.255c-9.335-9.379-9.317-24.544.04-33.901l22.667-22.667c9.373-9.373 24.569-9.373 33.941 0L285.475 239.03c9.373 9.372 9.373 24.568.001 33.941z\"><\/path><\/svg>\t\t\t\t\t\t<\/span>\n\t\t\t\t\t\t\t\t\t\t<span class=\"elementor-icon-list-text\">Disciplina de capital e alavancagem<\/span>\n\t\t\t\t\t\t\t\t\t<\/li>\n\t\t\t\t\t\t\t\t<li class=\"elementor-icon-list-item\">\n\t\t\t\t\t\t\t\t\t\t\t<span class=\"elementor-icon-list-icon\">\n\t\t\t\t\t\t\t<svg aria-hidden=\"true\" class=\"e-font-icon-svg e-fas-chevron-right\" viewBox=\"0 0 320 512\" xmlns=\"http:\/\/www.w3.org\/2000\/svg\"><path d=\"M285.476 272.971L91.132 467.314c-9.373 9.373-24.569 9.373-33.941 0l-22.667-22.667c-9.357-9.357-9.375-24.522-.04-33.901L188.505 256 34.484 101.255c-9.335-9.379-9.317-24.544.04-33.901l22.667-22.667c9.373-9.373 24.569-9.373 33.941 0L285.475 239.03c9.373 9.372 9.373 24.568.001 33.941z\"><\/path><\/svg>\t\t\t\t\t\t<\/span>\n\t\t\t\t\t\t\t\t\t\t<span class=\"elementor-icon-list-text\">Monitoramento estrutural de risco<\/span>\n\t\t\t\t\t\t\t\t\t<\/li>\n\t\t\t\t\t\t\t\t<li class=\"elementor-icon-list-item\">\n\t\t\t\t\t\t\t\t\t\t\t<span class=\"elementor-icon-list-icon\">\n\t\t\t\t\t\t\t<svg aria-hidden=\"true\" class=\"e-font-icon-svg e-fas-chevron-right\" viewBox=\"0 0 320 512\" xmlns=\"http:\/\/www.w3.org\/2000\/svg\"><path d=\"M285.476 272.971L91.132 467.314c-9.373 9.373-24.569 9.373-33.941 0l-22.667-22.667c-9.357-9.357-9.375-24.522-.04-33.901L188.505 256 34.484 101.255c-9.335-9.379-9.317-24.544.04-33.901l22.667-22.667c9.373-9.373 24.569-9.373 33.941 0L285.475 239.03c9.373 9.372 9.373 24.568.001 33.941z\"><\/path><\/svg>\t\t\t\t\t\t<\/span>\n\t\t\t\t\t\t\t\t\t\t<span class=\"elementor-icon-list-text\">Transpar\u00eancia e consist\u00eancia de informa\u00e7\u00e3o<\/span>\n\t\t\t\t\t\t\t\t\t<\/li>\n\t\t\t\t\t\t\t\t<li class=\"elementor-icon-list-item\">\n\t\t\t\t\t\t\t\t\t\t\t<span class=\"elementor-icon-list-icon\">\n\t\t\t\t\t\t\t<svg aria-hidden=\"true\" class=\"e-font-icon-svg e-fas-chevron-right\" viewBox=\"0 0 320 512\" xmlns=\"http:\/\/www.w3.org\/2000\/svg\"><path d=\"M285.476 272.971L91.132 467.314c-9.373 9.373-24.569 9.373-33.941 0l-22.667-22.667c-9.357-9.357-9.375-24.522-.04-33.901L188.505 256 34.484 101.255c-9.335-9.379-9.317-24.544.04-33.901l22.667-22.667c9.373-9.373 24.569-9.373 33.941 0L285.475 239.03c9.373 9.372 9.373 24.568.001 33.941z\"><\/path><\/svg>\t\t\t\t\t\t<\/span>\n\t\t\t\t\t\t\t\t\t\t<span class=\"elementor-icon-list-text\">Responsabilidade fiduci\u00e1ria<\/span>\n\t\t\t\t\t\t\t\t\t<\/li>\n\t\t\t\t\t\t<\/ul>\n\t\t\t\t\t\t<\/div>\n\t\t\t\t<\/div>\n\t\t\t\t\t<\/div>\n\t\t\t\t<\/div>\n\t\t<div class=\"elementor-element elementor-element-662c2ca e-flex e-con-boxed e-con e-parent\" data-id=\"662c2ca\" data-element_type=\"container\" data-e-type=\"container\" data-settings=\"{&quot;background_background&quot;:&quot;gradient&quot;}\">\n\t\t\t\t\t<div class=\"e-con-inner\">\n\t\t\t\t<div class=\"elementor-element elementor-element-115f1feb elementor-view-default elementor-position-block-start elementor-mobile-position-block-start elementor-widget elementor-widget-icon-box\" data-id=\"115f1feb\" data-element_type=\"widget\" data-e-type=\"widget\" data-widget_type=\"icon-box.default\">\n\t\t\t\t\t\t\t<div class=\"elementor-icon-box-wrapper\">\n\n\t\t\t\t\t\t<div class=\"elementor-icon-box-icon\">\n\t\t\t\t<span  class=\"elementor-icon\">\n\t\t\t\t<svg aria-hidden=\"true\" class=\"e-font-icon-svg e-fas-quote-left\" viewBox=\"0 0 512 512\" xmlns=\"http:\/\/www.w3.org\/2000\/svg\"><path d=\"M464 256h-80v-64c0-35.3 28.7-64 64-64h8c13.3 0 24-10.7 24-24V56c0-13.3-10.7-24-24-24h-8c-88.4 0-160 71.6-160 160v240c0 26.5 21.5 48 48 48h128c26.5 0 48-21.5 48-48V304c0-26.5-21.5-48-48-48zm-288 0H96v-64c0-35.3 28.7-64 64-64h8c13.3 0 24-10.7 24-24V56c0-13.3-10.7-24-24-24h-8C71.6 32 0 103.6 0 192v240c0 26.5 21.5 48 48 48h128c26.5 0 48-21.5 48-48V304c0-26.5-21.5-48-48-48z\"><\/path><\/svg>\t\t\t\t<\/span>\n\t\t\t<\/div>\n\t\t\t\n\t\t\t\t\t\t<div class=\"elementor-icon-box-content\">\n\n\t\t\t\t\t\t\t\t\t<h3 class=\"elementor-icon-box-title\">\n\t\t\t\t\t\t<span  >\n\t\t\t\t\t\t\tBoa governan\u00e7a sustenta ciclos longos.\t\t\t\t\t\t<\/span>\n\t\t\t\t\t<\/h3>\n\t\t\t\t\n\t\t\t\t\n\t\t\t<\/div>\n\t\t\t\n\t\t<\/div>\n\t\t\t\t\t\t<\/div>\n\t\t\t\t\t<\/div>\n\t\t\t\t<\/div>\n\t\t\t\t<\/div>\n\t\t","protected":false},"excerpt":{"rendered":"<p>Governan\u00e7a Governan\u00e7a como eixo central da preserva\u00e7\u00e3o de valor A governan\u00e7a \u00e9 o principal instrumento de prote\u00e7\u00e3o do capital em estruturas de longo prazo. Atuamos na defini\u00e7\u00e3o dos mecanismos que organizam poder decis\u00f3rio, responsabilidade fiduci\u00e1ria e disciplina financeira. Nossa atua\u00e7\u00e3o estabelece a separa\u00e7\u00e3o clara entre quem define a estrat\u00e9gia e quem executa a opera\u00e7\u00e3o, preservando [&hellip;]<\/p>\n","protected":false},"author":1,"featured_media":0,"parent":0,"menu_order":0,"comment_status":"closed","ping_status":"closed","template":"elementor_header_footer","meta":{"footnotes":""},"class_list":["post-125","page","type-page","status-publish","hentry"],"yoast_head":"<!-- This site is optimized with the Yoast SEO plugin v27.0 - https:\/\/yoast.com\/product\/yoast-seo-wordpress\/ -->\n<title>Governan\u00e7a - EG CAP<\/title>\n<meta name=\"robots\" content=\"index, follow, max-snippet:-1, max-image-preview:large, max-video-preview:-1\" \/>\n<link rel=\"canonical\" href=\"https:\/\/egcapital.com.br\/?page_id=125\" \/>\n<meta property=\"og:locale\" content=\"pt_BR\" \/>\n<meta property=\"og:type\" content=\"article\" \/>\n<meta property=\"og:title\" content=\"Governan\u00e7a - EG CAP\" \/>\n<meta property=\"og:description\" content=\"Governan\u00e7a Governan\u00e7a como eixo central da preserva\u00e7\u00e3o de valor A governan\u00e7a \u00e9 o principal instrumento de prote\u00e7\u00e3o do capital em estruturas de longo prazo. Atuamos na defini\u00e7\u00e3o dos mecanismos que organizam poder decis\u00f3rio, responsabilidade fiduci\u00e1ria e disciplina financeira. Nossa atua\u00e7\u00e3o estabelece a separa\u00e7\u00e3o clara entre quem define a estrat\u00e9gia e quem executa a opera\u00e7\u00e3o, preservando [&hellip;]\" \/>\n<meta property=\"og:url\" content=\"https:\/\/egcapital.com.br\/?page_id=125\" \/>\n<meta property=\"og:site_name\" content=\"EG CAP\" \/>\n<meta property=\"article:modified_time\" content=\"2026-02-23T20:04:44+00:00\" \/>\n<meta name=\"twitter:card\" content=\"summary_large_image\" \/>\n<meta name=\"twitter:label1\" content=\"Est. tempo de leitura\" \/>\n\t<meta name=\"twitter:data1\" content=\"1 minuto\" \/>\n<script type=\"application\/ld+json\" class=\"yoast-schema-graph\">{\"@context\":\"https:\/\/schema.org\",\"@graph\":[{\"@type\":\"WebPage\",\"@id\":\"https:\/\/egcapital.com.br\/?page_id=125\",\"url\":\"https:\/\/egcapital.com.br\/?page_id=125\",\"name\":\"Governan\u00e7a - EG CAP\",\"isPartOf\":{\"@id\":\"https:\/\/egcapital.com.br\/#website\"},\"datePublished\":\"2026-02-23T14:46:32+00:00\",\"dateModified\":\"2026-02-23T20:04:44+00:00\",\"breadcrumb\":{\"@id\":\"https:\/\/egcapital.com.br\/?page_id=125#breadcrumb\"},\"inLanguage\":\"pt-BR\",\"potentialAction\":[{\"@type\":\"ReadAction\",\"target\":[\"https:\/\/egcapital.com.br\/?page_id=125\"]}]},{\"@type\":\"BreadcrumbList\",\"@id\":\"https:\/\/egcapital.com.br\/?page_id=125#breadcrumb\",\"itemListElement\":[{\"@type\":\"ListItem\",\"position\":1,\"name\":\"In\u00edcio\",\"item\":\"https:\/\/egcapital.com.br\/\"},{\"@type\":\"ListItem\",\"position\":2,\"name\":\"Governan\u00e7a\"}]},{\"@type\":\"WebSite\",\"@id\":\"https:\/\/egcapital.com.br\/#website\",\"url\":\"https:\/\/egcapital.com.br\/\",\"name\":\"EG CAP\",\"description\":\"Estruturas de investimento imobili\u00e1rio com vis\u00e3o propriet\u00e1ria de longo prazo\",\"publisher\":{\"@id\":\"https:\/\/egcapital.com.br\/#organization\"},\"potentialAction\":[{\"@type\":\"SearchAction\",\"target\":{\"@type\":\"EntryPoint\",\"urlTemplate\":\"https:\/\/egcapital.com.br\/?s={search_term_string}\"},\"query-input\":{\"@type\":\"PropertyValueSpecification\",\"valueRequired\":true,\"valueName\":\"search_term_string\"}}],\"inLanguage\":\"pt-BR\"},{\"@type\":\"Organization\",\"@id\":\"https:\/\/egcapital.com.br\/#organization\",\"name\":\"EG CAP\",\"url\":\"https:\/\/egcapital.com.br\/\",\"logo\":{\"@type\":\"ImageObject\",\"inLanguage\":\"pt-BR\",\"@id\":\"https:\/\/egcapital.com.br\/#\/schema\/logo\/image\/\",\"url\":\"https:\/\/egcapital.com.br\/wp-content\/uploads\/2026\/02\/cropped-Design-sem-nome-7.png\",\"contentUrl\":\"https:\/\/egcapital.com.br\/wp-content\/uploads\/2026\/02\/cropped-Design-sem-nome-7.png\",\"width\":1641,\"height\":1131,\"caption\":\"EG CAP\"},\"image\":{\"@id\":\"https:\/\/egcapital.com.br\/#\/schema\/logo\/image\/\"}}]}<\/script>\n<!-- \/ Yoast SEO plugin. -->","yoast_head_json":{"title":"Governan\u00e7a - EG CAP","robots":{"index":"index","follow":"follow","max-snippet":"max-snippet:-1","max-image-preview":"max-image-preview:large","max-video-preview":"max-video-preview:-1"},"canonical":"https:\/\/egcapital.com.br\/?page_id=125","og_locale":"pt_BR","og_type":"article","og_title":"Governan\u00e7a - EG CAP","og_description":"Governan\u00e7a Governan\u00e7a como eixo central da preserva\u00e7\u00e3o de valor A governan\u00e7a \u00e9 o principal instrumento de prote\u00e7\u00e3o do capital em estruturas de longo prazo. Atuamos na defini\u00e7\u00e3o dos mecanismos que organizam poder decis\u00f3rio, responsabilidade fiduci\u00e1ria e disciplina financeira. Nossa atua\u00e7\u00e3o estabelece a separa\u00e7\u00e3o clara entre quem define a estrat\u00e9gia e quem executa a opera\u00e7\u00e3o, preservando [&hellip;]","og_url":"https:\/\/egcapital.com.br\/?page_id=125","og_site_name":"EG CAP","article_modified_time":"2026-02-23T20:04:44+00:00","twitter_card":"summary_large_image","twitter_misc":{"Est. tempo de leitura":"1 minuto"},"schema":{"@context":"https:\/\/schema.org","@graph":[{"@type":"WebPage","@id":"https:\/\/egcapital.com.br\/?page_id=125","url":"https:\/\/egcapital.com.br\/?page_id=125","name":"Governan\u00e7a - EG CAP","isPartOf":{"@id":"https:\/\/egcapital.com.br\/#website"},"datePublished":"2026-02-23T14:46:32+00:00","dateModified":"2026-02-23T20:04:44+00:00","breadcrumb":{"@id":"https:\/\/egcapital.com.br\/?page_id=125#breadcrumb"},"inLanguage":"pt-BR","potentialAction":[{"@type":"ReadAction","target":["https:\/\/egcapital.com.br\/?page_id=125"]}]},{"@type":"BreadcrumbList","@id":"https:\/\/egcapital.com.br\/?page_id=125#breadcrumb","itemListElement":[{"@type":"ListItem","position":1,"name":"In\u00edcio","item":"https:\/\/egcapital.com.br\/"},{"@type":"ListItem","position":2,"name":"Governan\u00e7a"}]},{"@type":"WebSite","@id":"https:\/\/egcapital.com.br\/#website","url":"https:\/\/egcapital.com.br\/","name":"EG CAP","description":"Estruturas de investimento imobili\u00e1rio com vis\u00e3o propriet\u00e1ria de longo prazo","publisher":{"@id":"https:\/\/egcapital.com.br\/#organization"},"potentialAction":[{"@type":"SearchAction","target":{"@type":"EntryPoint","urlTemplate":"https:\/\/egcapital.com.br\/?s={search_term_string}"},"query-input":{"@type":"PropertyValueSpecification","valueRequired":true,"valueName":"search_term_string"}}],"inLanguage":"pt-BR"},{"@type":"Organization","@id":"https:\/\/egcapital.com.br\/#organization","name":"EG CAP","url":"https:\/\/egcapital.com.br\/","logo":{"@type":"ImageObject","inLanguage":"pt-BR","@id":"https:\/\/egcapital.com.br\/#\/schema\/logo\/image\/","url":"https:\/\/egcapital.com.br\/wp-content\/uploads\/2026\/02\/cropped-Design-sem-nome-7.png","contentUrl":"https:\/\/egcapital.com.br\/wp-content\/uploads\/2026\/02\/cropped-Design-sem-nome-7.png","width":1641,"height":1131,"caption":"EG CAP"},"image":{"@id":"https:\/\/egcapital.com.br\/#\/schema\/logo\/image\/"}}]}},"_links":{"self":[{"href":"https:\/\/egcapital.com.br\/index.php?rest_route=\/wp\/v2\/pages\/125","targetHints":{"allow":["GET"]}}],"collection":[{"href":"https:\/\/egcapital.com.br\/index.php?rest_route=\/wp\/v2\/pages"}],"about":[{"href":"https:\/\/egcapital.com.br\/index.php?rest_route=\/wp\/v2\/types\/page"}],"author":[{"embeddable":true,"href":"https:\/\/egcapital.com.br\/index.php?rest_route=\/wp\/v2\/users\/1"}],"replies":[{"embeddable":true,"href":"https:\/\/egcapital.com.br\/index.php?rest_route=%2Fwp%2Fv2%2Fcomments&post=125"}],"version-history":[{"count":29,"href":"https:\/\/egcapital.com.br\/index.php?rest_route=\/wp\/v2\/pages\/125\/revisions"}],"predecessor-version":[{"id":294,"href":"https:\/\/egcapital.com.br\/index.php?rest_route=\/wp\/v2\/pages\/125\/revisions\/294"}],"wp:attachment":[{"href":"https:\/\/egcapital.com.br\/index.php?rest_route=%2Fwp%2Fv2%2Fmedia&parent=125"}],"curies":[{"name":"wp","href":"https:\/\/api.w.org\/{rel}","templated":true}]}}